{"id":722,"date":"2024-05-11T01:52:35","date_gmt":"2024-05-11T01:52:35","guid":{"rendered":"https:\/\/indecis.info\/?page_id=722"},"modified":"2024-05-29T07:34:30","modified_gmt":"2024-05-29T07:34:30","slug":"salate-insotitoare","status":"publish","type":"page","link":"https:\/\/indecis.info\/en\/salate-insotitoare\/","title":{"rendered":"Accompanying Salads"},"content":{"rendered":"<div data-elementor-type=\"wp-page\" data-elementor-id=\"722\" class=\"elementor elementor-722\" data-elementor-post-type=\"page\">\n\t\t\t\t<div class=\"elementor-element elementor-element-13a4be6 e-flex e-con-boxed e-con e-parent\" data-id=\"13a4be6\" data-element_type=\"container\" data-settings=\"{&quot;background_background&quot;:&quot;classic&quot;}\">\n\t\t\t\t\t<div class=\"e-con-inner\">\n\t\t\t\t<div class=\"elementor-element elementor-element-4feba19 elementor-widget elementor-widget-heading\" data-id=\"4feba19\" data-element_type=\"widget\" data-widget_type=\"heading.default\">\n\t\t\t\t<div class=\"elementor-widget-container\">\n\t\t\t<h2 class=\"elementor-heading-title elementor-size-default\">Indecis<\/h2>\t\t<\/div>\n\t\t\t\t<\/div>\n\t\t\t\t<div class=\"elementor-element elementor-element-29427dd elementor-widget elementor-widget-heading\" data-id=\"29427dd\" data-element_type=\"widget\" data-widget_type=\"heading.default\">\n\t\t\t\t<div class=\"elementor-widget-container\">\n\t\t\t<h2 class=\"elementor-heading-title elementor-size-default\">Accompanying Salads<\/h2>\t\t<\/div>\n\t\t\t\t<\/div>\n\t\t\t\t\t<\/div>\n\t\t\t\t<\/div>\n\t\t<div class=\"elementor-element elementor-element-cfb1aeb e-flex e-con-boxed e-con e-parent\" data-id=\"cfb1aeb\" data-element_type=\"container\">\n\t\t\t\t\t<div class=\"e-con-inner\">\n\t\t\t\t<div class=\"elementor-element elementor-element-bb69352 elementor-widget elementor-widget-text-editor\" data-id=\"bb69352\" data-element_type=\"widget\" data-widget_type=\"text-editor.default\">\n\t\t\t\t<div class=\"elementor-widget-container\">\n\t\t\t\t\t\t\t<p><strong>The ideal complement to any meal, our side salads add freshness and taste.<\/strong><\/p>\t\t\t\t\t\t<\/div>\n\t\t\t\t<\/div>\n\t\t\t\t<div class=\"elementor-element elementor-element-621a842 elementor-hidden-mobile elementor-widget elementor-widget-text-editor\" data-id=\"621a842\" data-element_type=\"widget\" data-widget_type=\"text-editor.default\">\n\t\t\t\t<div class=\"elementor-widget-container\">\n\t\t\t\t\t\t\t<p><\/p>\t\t\t\t\t\t<\/div>\n\t\t\t\t<\/div>\n\t\t\t\t\t<\/div>\n\t\t\t\t<\/div>\n\t\t<div class=\"elementor-element elementor-element-f4ba874 e-flex e-con-boxed e-con e-parent\" data-id=\"f4ba874\" data-element_type=\"container\">\n\t\t\t\t\t<div class=\"e-con-inner\">\n\t\t\t\t<div class=\"elementor-element elementor-element-78691a4 elementor-hidden-desktop elementor-hidden-tablet elementor-widget elementor-widget-text-editor\" data-id=\"78691a4\" data-element_type=\"widget\" data-widget_type=\"text-editor.default\">\n\t\t\t\t<div class=\"elementor-widget-container\">\n\t\t\t\t\t\t\t<p><\/p>\t\t\t\t\t\t<\/div>\n\t\t\t\t<\/div>\n\t\t\t\t\t<\/div>\n\t\t\t\t<\/div>\n\t\t\t\t<\/div>","protected":false},"excerpt":{"rendered":"<p>Indecis Salate Insotitoare Completarea ideal\u0103 pentru orice mas\u0103, salatele noastre \u00eenso\u021bitoare adaug\u0103 un plus de prospe\u021bime \u0219i gust.<\/p>","protected":false},"author":1,"featured_media":0,"parent":0,"menu_order":0,"comment_status":"closed","ping_status":"closed","template":"","meta":{"footnotes":""},"class_list":["post-722","page","type-page","status-publish","hentry"],"_links":{"self":[{"href":"https:\/\/indecis.info\/en\/wp-json\/wp\/v2\/pages\/722","targetHints":{"allow":["GET"]}}],"collection":[{"href":"https:\/\/indecis.info\/en\/wp-json\/wp\/v2\/pages"}],"about":[{"href":"https:\/\/indecis.info\/en\/wp-json\/wp\/v2\/types\/page"}],"author":[{"embeddable":true,"href":"https:\/\/indecis.info\/en\/wp-json\/wp\/v2\/users\/1"}],"replies":[{"embeddable":true,"href":"https:\/\/indecis.info\/en\/wp-json\/wp\/v2\/comments?post=722"}],"version-history":[{"count":19,"href":"https:\/\/indecis.info\/en\/wp-json\/wp\/v2\/pages\/722\/revisions"}],"predecessor-version":[{"id":1733,"href":"https:\/\/indecis.info\/en\/wp-json\/wp\/v2\/pages\/722\/revisions\/1733"}],"wp:attachment":[{"href":"https:\/\/indecis.info\/en\/wp-json\/wp\/v2\/media?parent=722"}],"curies":[{"name":"wp","href":"https:\/\/api.w.org\/{rel}","templated":true}]}}