{"id":719,"date":"2024-05-11T01:52:50","date_gmt":"2024-05-11T01:52:50","guid":{"rendered":"https:\/\/indecis.info\/?page_id=719"},"modified":"2024-05-29T07:33:52","modified_gmt":"2024-05-29T07:33:52","slug":"platouri","status":"publish","type":"page","link":"https:\/\/indecis.info\/en\/platouri\/","title":{"rendered":"Plates"},"content":{"rendered":"<div data-elementor-type=\"wp-page\" data-elementor-id=\"719\" class=\"elementor elementor-719\" data-elementor-post-type=\"page\">\n\t\t\t\t<div class=\"elementor-element elementor-element-13a4be6 e-flex e-con-boxed e-con e-parent\" data-id=\"13a4be6\" data-element_type=\"container\" data-settings=\"{&quot;background_background&quot;:&quot;classic&quot;}\">\n\t\t\t\t\t<div class=\"e-con-inner\">\n\t\t\t\t<div class=\"elementor-element elementor-element-03a9a6a elementor-widget elementor-widget-heading\" data-id=\"03a9a6a\" data-element_type=\"widget\" data-widget_type=\"heading.default\">\n\t\t\t\t<div class=\"elementor-widget-container\">\n\t\t\t<h2 class=\"elementor-heading-title elementor-size-default\">Indecis<\/h2>\t\t<\/div>\n\t\t\t\t<\/div>\n\t\t\t\t<div class=\"elementor-element elementor-element-29427dd elementor-widget elementor-widget-heading\" data-id=\"29427dd\" data-element_type=\"widget\" data-widget_type=\"heading.default\">\n\t\t\t\t<div class=\"elementor-widget-container\">\n\t\t\t<h2 class=\"elementor-heading-title elementor-size-default\">Plates<\/h2>\t\t<\/div>\n\t\t\t\t<\/div>\n\t\t\t\t\t<\/div>\n\t\t\t\t<\/div>\n\t\t<div class=\"elementor-element elementor-element-8d9f583 e-flex e-con-boxed e-con e-parent\" data-id=\"8d9f583\" data-element_type=\"container\">\n\t\t\t\t\t<div class=\"e-con-inner\">\n\t\t\t\t<div class=\"elementor-element elementor-element-7cad9f6 elementor-widget elementor-widget-text-editor\" data-id=\"7cad9f6\" data-element_type=\"widget\" data-widget_type=\"text-editor.default\">\n\t\t\t\t<div class=\"elementor-widget-container\">\n\t\t\t\t\t\t\t<p><strong>Explore our platters, perfect for sharing at meetings or events, each with a wonderful selection of snacks.<\/strong><\/p>\t\t\t\t\t\t<\/div>\n\t\t\t\t<\/div>\n\t\t\t\t<div class=\"elementor-element elementor-element-3f12039 elementor-hidden-mobile elementor-widget elementor-widget-text-editor\" data-id=\"3f12039\" data-element_type=\"widget\" data-widget_type=\"text-editor.default\">\n\t\t\t\t<div class=\"elementor-widget-container\">\n\t\t\t\t\t\t\t<p><\/p>\t\t\t\t\t\t<\/div>\n\t\t\t\t<\/div>\n\t\t\t\t\t<\/div>\n\t\t\t\t<\/div>\n\t\t<div class=\"elementor-element elementor-element-8fd60c5 e-flex e-con-boxed e-con e-parent\" data-id=\"8fd60c5\" data-element_type=\"container\">\n\t\t\t\t\t<div class=\"e-con-inner\">\n\t\t\t\t<div class=\"elementor-element elementor-element-9417bff elementor-hidden-desktop elementor-hidden-tablet elementor-widget elementor-widget-text-editor\" data-id=\"9417bff\" data-element_type=\"widget\" data-widget_type=\"text-editor.default\">\n\t\t\t\t<div class=\"elementor-widget-container\">\n\t\t\t\t\t\t\t<p><\/p>\t\t\t\t\t\t<\/div>\n\t\t\t\t<\/div>\n\t\t\t\t\t<\/div>\n\t\t\t\t<\/div>\n\t\t\t\t<\/div>","protected":false},"excerpt":{"rendered":"<p>Indecis Platouri Exploreaz\u0103 platourile noastre, perfecte pentru a fi \u00eemp\u0103rt\u0103\u0219ite la \u00eent\u00e2lniri sau evenimente, fiecare cu o selec\u021bie minunat\u0103 de gust\u0103ri.<\/p>","protected":false},"author":1,"featured_media":0,"parent":0,"menu_order":0,"comment_status":"closed","ping_status":"closed","template":"","meta":{"footnotes":""},"class_list":["post-719","page","type-page","status-publish","hentry"],"_links":{"self":[{"href":"https:\/\/indecis.info\/en\/wp-json\/wp\/v2\/pages\/719","targetHints":{"allow":["GET"]}}],"collection":[{"href":"https:\/\/indecis.info\/en\/wp-json\/wp\/v2\/pages"}],"about":[{"href":"https:\/\/indecis.info\/en\/wp-json\/wp\/v2\/types\/page"}],"author":[{"embeddable":true,"href":"https:\/\/indecis.info\/en\/wp-json\/wp\/v2\/users\/1"}],"replies":[{"embeddable":true,"href":"https:\/\/indecis.info\/en\/wp-json\/wp\/v2\/comments?post=719"}],"version-history":[{"count":19,"href":"https:\/\/indecis.info\/en\/wp-json\/wp\/v2\/pages\/719\/revisions"}],"predecessor-version":[{"id":1718,"href":"https:\/\/indecis.info\/en\/wp-json\/wp\/v2\/pages\/719\/revisions\/1718"}],"wp:attachment":[{"href":"https:\/\/indecis.info\/en\/wp-json\/wp\/v2\/media?parent=719"}],"curies":[{"name":"wp","href":"https:\/\/api.w.org\/{rel}","templated":true}]}}