{"id":706,"date":"2024-05-11T01:53:57","date_gmt":"2024-05-11T01:53:57","guid":{"rendered":"https:\/\/indecis.info\/?page_id=706"},"modified":"2024-05-29T07:35:01","modified_gmt":"2024-05-29T07:35:01","slug":"cafea","status":"publish","type":"page","link":"https:\/\/indecis.info\/en\/cafea\/","title":{"rendered":"Coffee"},"content":{"rendered":"<div data-elementor-type=\"wp-page\" data-elementor-id=\"706\" class=\"elementor elementor-706\" data-elementor-post-type=\"page\">\n\t\t\t\t<div class=\"elementor-element elementor-element-13a4be6 e-flex e-con-boxed e-con e-parent\" data-id=\"13a4be6\" data-element_type=\"container\" data-settings=\"{&quot;background_background&quot;:&quot;classic&quot;}\">\n\t\t\t\t\t<div class=\"e-con-inner\">\n\t\t\t\t<div class=\"elementor-element elementor-element-accd87f elementor-widget elementor-widget-heading\" data-id=\"accd87f\" data-element_type=\"widget\" data-widget_type=\"heading.default\">\n\t\t\t\t<div class=\"elementor-widget-container\">\n\t\t\t<h2 class=\"elementor-heading-title elementor-size-default\">Indecis<\/h2>\t\t<\/div>\n\t\t\t\t<\/div>\n\t\t\t\t<div class=\"elementor-element elementor-element-29427dd elementor-widget elementor-widget-heading\" data-id=\"29427dd\" data-element_type=\"widget\" data-widget_type=\"heading.default\">\n\t\t\t\t<div class=\"elementor-widget-container\">\n\t\t\t<h2 class=\"elementor-heading-title elementor-size-default\">Coffee<\/h2>\t\t<\/div>\n\t\t\t\t<\/div>\n\t\t\t\t\t<\/div>\n\t\t\t\t<\/div>\n\t\t<div class=\"elementor-element elementor-element-bd162d5 e-flex e-con-boxed e-con e-parent\" data-id=\"bd162d5\" data-element_type=\"container\">\n\t\t\t\t\t<div class=\"e-con-inner\">\n\t\t\t\t<div class=\"elementor-element elementor-element-8563a8b elementor-widget elementor-widget-text-editor\" data-id=\"8563a8b\" data-element_type=\"widget\" data-widget_type=\"text-editor.default\">\n\t\t\t\t<div class=\"elementor-widget-container\">\n\t\t\t\t\t\t\t<p><strong>Enjoy a freshly brewed coffee from our flavored varieties, whether you prefer an intense espresso or a frothy cappuccino.<\/strong><\/p>\t\t\t\t\t\t<\/div>\n\t\t\t\t<\/div>\n\t\t\t\t<div class=\"elementor-element elementor-element-af50bd2 elementor-widget elementor-widget-text-editor\" data-id=\"af50bd2\" data-element_type=\"widget\" data-widget_type=\"text-editor.default\">\n\t\t\t\t<div class=\"elementor-widget-container\">\n\t\t\t\t\t\t\t<p><\/p>\t\t\t\t\t\t<\/div>\n\t\t\t\t<\/div>\n\t\t\t\t\t<\/div>\n\t\t\t\t<\/div>\n\t\t\t\t<\/div>","protected":false},"excerpt":{"rendered":"<p>Indecis Cafea Savureaz\u0103 o cafea proasp\u0103t preparat\u0103, aleg\u00e2nd din variet\u0103\u021bile noastre aromate, fie c\u0103 preferi un espresso intens sau un cappuccino spumos.<\/p>","protected":false},"author":1,"featured_media":0,"parent":0,"menu_order":0,"comment_status":"closed","ping_status":"closed","template":"","meta":{"footnotes":""},"class_list":["post-706","page","type-page","status-publish","hentry"],"_links":{"self":[{"href":"https:\/\/indecis.info\/en\/wp-json\/wp\/v2\/pages\/706","targetHints":{"allow":["GET"]}}],"collection":[{"href":"https:\/\/indecis.info\/en\/wp-json\/wp\/v2\/pages"}],"about":[{"href":"https:\/\/indecis.info\/en\/wp-json\/wp\/v2\/types\/page"}],"author":[{"embeddable":true,"href":"https:\/\/indecis.info\/en\/wp-json\/wp\/v2\/users\/1"}],"replies":[{"embeddable":true,"href":"https:\/\/indecis.info\/en\/wp-json\/wp\/v2\/comments?post=706"}],"version-history":[{"count":16,"href":"https:\/\/indecis.info\/en\/wp-json\/wp\/v2\/pages\/706\/revisions"}],"predecessor-version":[{"id":1748,"href":"https:\/\/indecis.info\/en\/wp-json\/wp\/v2\/pages\/706\/revisions\/1748"}],"wp:attachment":[{"href":"https:\/\/indecis.info\/en\/wp-json\/wp\/v2\/media?parent=706"}],"curies":[{"name":"wp","href":"https:\/\/api.w.org\/{rel}","templated":true}]}}