{"id":1611,"date":"2024-05-22T08:01:04","date_gmt":"2024-05-22T08:01:04","guid":{"rendered":"https:\/\/indecis.info\/?page_id=1611"},"modified":"2024-05-29T07:34:15","modified_gmt":"2024-05-29T07:34:15","slug":"meniuri","status":"publish","type":"page","link":"https:\/\/indecis.info\/en\/meniuri\/","title":{"rendered":"Menus"},"content":{"rendered":"<div data-elementor-type=\"wp-page\" data-elementor-id=\"1611\" class=\"elementor elementor-1611\" data-elementor-post-type=\"page\">\n\t\t\t\t<div class=\"elementor-element elementor-element-f2471e9 e-flex e-con-boxed e-con e-parent\" data-id=\"f2471e9\" data-element_type=\"container\" data-settings=\"{&quot;background_background&quot;:&quot;classic&quot;}\">\n\t\t\t\t\t<div class=\"e-con-inner\">\n\t\t\t\t<div class=\"elementor-element elementor-element-117578b elementor-widget elementor-widget-heading\" data-id=\"117578b\" data-element_type=\"widget\" data-widget_type=\"heading.default\">\n\t\t\t\t<div class=\"elementor-widget-container\">\n\t\t\t<h2 class=\"elementor-heading-title elementor-size-default\">Indecis<\/h2>\t\t<\/div>\n\t\t\t\t<\/div>\n\t\t\t\t<div class=\"elementor-element elementor-element-83b13fe elementor-widget elementor-widget-heading\" data-id=\"83b13fe\" data-element_type=\"widget\" data-widget_type=\"heading.default\">\n\t\t\t\t<div class=\"elementor-widget-container\">\n\t\t\t<h2 class=\"elementor-heading-title elementor-size-default\">Menus<\/h2>\t\t<\/div>\n\t\t\t\t<\/div>\n\t\t\t\t\t<\/div>\n\t\t\t\t<\/div>\n\t\t<div class=\"elementor-element elementor-element-9b037f9 e-flex e-con-boxed e-con e-parent\" data-id=\"9b037f9\" data-element_type=\"container\">\n\t\t\t\t\t<div class=\"e-con-inner\">\n\t\t\t\t<div class=\"elementor-element elementor-element-281236c elementor-hidden-mobile elementor-widget elementor-widget-text-editor\" data-id=\"281236c\" data-element_type=\"widget\" data-widget_type=\"text-editor.default\">\n\t\t\t\t<div class=\"elementor-widget-container\">\n\t\t\t\t\t\t\t<p>With a diverse selection for all tastes, our menus offer delicious combinations of dishes, perfectly balanced for a complete dining experience.<\/p>\t\t\t\t\t\t<\/div>\n\t\t\t\t<\/div>\n\t\t\t\t<div class=\"elementor-element elementor-element-bb2b261 elementor-hidden-mobile elementor-widget elementor-widget-text-editor\" data-id=\"bb2b261\" data-element_type=\"widget\" data-widget_type=\"text-editor.default\">\n\t\t\t\t<div class=\"elementor-widget-container\">\n\t\t\t\t\t\t\t<p><\/p>\t\t\t\t\t\t<\/div>\n\t\t\t\t<\/div>\n\t\t\t\t<div class=\"elementor-element elementor-element-26002bc elementor-hidden-desktop elementor-hidden-tablet elementor-widget elementor-widget-text-editor\" data-id=\"26002bc\" data-element_type=\"widget\" data-widget_type=\"text-editor.default\">\n\t\t\t\t<div class=\"elementor-widget-container\">\n\t\t\t\t\t\t\t<p><\/p>\t\t\t\t\t\t<\/div>\n\t\t\t\t<\/div>\n\t\t\t\t\t<\/div>\n\t\t\t\t<\/div>\n\t\t\t\t<\/div>","protected":false},"excerpt":{"rendered":"<p>Indecis Meniuri Cu o selec\u021bie diversificat\u0103 pentru toate gusturile, meniurile noastre ofer\u0103 combina\u021bii delicioase de preparate, perfect echilibrate pentru o experien\u021b\u0103 culinar\u0103 complet\u0103.<\/p>","protected":false},"author":1,"featured_media":0,"parent":0,"menu_order":0,"comment_status":"closed","ping_status":"closed","template":"","meta":{"footnotes":""},"class_list":["post-1611","page","type-page","status-publish","hentry"],"_links":{"self":[{"href":"https:\/\/indecis.info\/en\/wp-json\/wp\/v2\/pages\/1611","targetHints":{"allow":["GET"]}}],"collection":[{"href":"https:\/\/indecis.info\/en\/wp-json\/wp\/v2\/pages"}],"about":[{"href":"https:\/\/indecis.info\/en\/wp-json\/wp\/v2\/types\/page"}],"author":[{"embeddable":true,"href":"https:\/\/indecis.info\/en\/wp-json\/wp\/v2\/users\/1"}],"replies":[{"embeddable":true,"href":"https:\/\/indecis.info\/en\/wp-json\/wp\/v2\/comments?post=1611"}],"version-history":[{"count":10,"href":"https:\/\/indecis.info\/en\/wp-json\/wp\/v2\/pages\/1611\/revisions"}],"predecessor-version":[{"id":1724,"href":"https:\/\/indecis.info\/en\/wp-json\/wp\/v2\/pages\/1611\/revisions\/1724"}],"wp:attachment":[{"href":"https:\/\/indecis.info\/en\/wp-json\/wp\/v2\/media?parent=1611"}],"curies":[{"name":"wp","href":"https:\/\/api.w.org\/{rel}","templated":true}]}}